{"id":86,"date":"2025-03-28T19:27:57","date_gmt":"2025-03-28T19:27:57","guid":{"rendered":"https:\/\/erfmann.dev\/?page_id=86"},"modified":"2025-03-28T19:27:57","modified_gmt":"2025-03-28T19:27:57","slug":"kontakt","status":"publish","type":"page","link":"https:\/\/erfmann.dev\/index.php\/kontakt\/","title":{"rendered":"Kontakt"},"content":{"rendered":"\n<p>Ich freue mich darauf, von Ihnen zu h\u00f6ren! Ob Sie Fragen haben, ein Projekt besprechen m\u00f6chten oder Unterst\u00fctzung ben\u00f6tigen \u2013 z\u00f6gern Sie nicht, mich zu kontaktieren.\u200b<\/p>\n\n\n\n<p><strong>Telefon:<\/strong><br>\ud83d\udcde +49 1512 8774785\u200b<\/p>\n\n\n\n<p><strong>E-Mail:<\/strong><br>\ud83d\udce7 <a href=\"mailto:mail@erfmann.dev\">mail@erfmann.dev<\/a>\u200b<\/p>\n\n\n\n<p><strong>Adresse:<\/strong><br>\ud83c\udfe0 Flaesheimerstra\u00dfe 8<br>45721 Haltern am See<br>Deutschland<\/p>\n","protected":false},"excerpt":{"rendered":"<p>Ich freue mich darauf, von Ihnen zu h\u00f6ren! Ob Sie Fragen haben, ein Projekt besprechen&hellip;<\/p>\n","protected":false},"author":1,"featured_media":0,"parent":0,"menu_order":0,"comment_status":"closed","ping_status":"closed","template":"","meta":{"footnotes":""},"class_list":["post-86","page","type-page","status-publish","hentry"],"yoast_head":"<!-- This site is optimized with the Yoast SEO plugin v24.3 - https:\/\/yoast.com\/wordpress\/plugins\/seo\/ -->\n<title>Kontakt - Calvin Erfmann<\/title>\n<meta name=\"robots\" content=\"index, follow, max-snippet:-1, max-image-preview:large, max-video-preview:-1\" \/>\n<link rel=\"canonical\" href=\"https:\/\/erfmann.dev\/index.php\/kontakt\/\" \/>\n<meta property=\"og:locale\" content=\"en_US\" \/>\n<meta property=\"og:type\" content=\"article\" \/>\n<meta property=\"og:title\" content=\"Kontakt - Calvin Erfmann\" \/>\n<meta property=\"og:description\" content=\"Ich freue mich darauf, von Ihnen zu h\u00f6ren! Ob Sie Fragen haben, ein Projekt besprechen&hellip;\" \/>\n<meta property=\"og:url\" content=\"https:\/\/erfmann.dev\/index.php\/kontakt\/\" \/>\n<meta property=\"og:site_name\" content=\"Calvin Erfmann\" \/>\n<meta name=\"twitter:card\" content=\"summary_large_image\" \/>\n<meta name=\"twitter:label1\" content=\"Est. reading time\" \/>\n\t<meta name=\"twitter:data1\" content=\"1 minute\" \/>\n<script type=\"application\/ld+json\" class=\"yoast-schema-graph\">{\"@context\":\"https:\/\/schema.org\",\"@graph\":[{\"@type\":\"WebPage\",\"@id\":\"https:\/\/erfmann.dev\/index.php\/kontakt\/\",\"url\":\"https:\/\/erfmann.dev\/index.php\/kontakt\/\",\"name\":\"Kontakt - Calvin Erfmann\",\"isPartOf\":{\"@id\":\"https:\/\/erfmann.dev\/#website\"},\"datePublished\":\"2025-03-28T19:27:57+00:00\",\"dateModified\":\"2025-03-28T19:27:57+00:00\",\"breadcrumb\":{\"@id\":\"https:\/\/erfmann.dev\/index.php\/kontakt\/#breadcrumb\"},\"inLanguage\":\"en-US\",\"potentialAction\":[{\"@type\":\"ReadAction\",\"target\":[\"https:\/\/erfmann.dev\/index.php\/kontakt\/\"]}]},{\"@type\":\"BreadcrumbList\",\"@id\":\"https:\/\/erfmann.dev\/index.php\/kontakt\/#breadcrumb\",\"itemListElement\":[{\"@type\":\"ListItem\",\"position\":1,\"name\":\"Home\",\"item\":\"https:\/\/erfmann.dev\/\"},{\"@type\":\"ListItem\",\"position\":2,\"name\":\"Kontakt\"}]},{\"@type\":\"WebSite\",\"@id\":\"https:\/\/erfmann.dev\/#website\",\"url\":\"https:\/\/erfmann.dev\/\",\"name\":\"Calvin Erfmann\",\"description\":\"Software made in Haltern am See\",\"potentialAction\":[{\"@type\":\"SearchAction\",\"target\":{\"@type\":\"EntryPoint\",\"urlTemplate\":\"https:\/\/erfmann.dev\/?s={search_term_string}\"},\"query-input\":{\"@type\":\"PropertyValueSpecification\",\"valueRequired\":true,\"valueName\":\"search_term_string\"}}],\"inLanguage\":\"en-US\"}]}<\/script>\n<!-- \/ Yoast SEO plugin. -->","yoast_head_json":{"title":"Kontakt - Calvin Erfmann","robots":{"index":"index","follow":"follow","max-snippet":"max-snippet:-1","max-image-preview":"max-image-preview:large","max-video-preview":"max-video-preview:-1"},"canonical":"https:\/\/erfmann.dev\/index.php\/kontakt\/","og_locale":"en_US","og_type":"article","og_title":"Kontakt - Calvin Erfmann","og_description":"Ich freue mich darauf, von Ihnen zu h\u00f6ren! Ob Sie Fragen haben, ein Projekt besprechen&hellip;","og_url":"https:\/\/erfmann.dev\/index.php\/kontakt\/","og_site_name":"Calvin Erfmann","twitter_card":"summary_large_image","twitter_misc":{"Est. reading time":"1 minute"},"schema":{"@context":"https:\/\/schema.org","@graph":[{"@type":"WebPage","@id":"https:\/\/erfmann.dev\/index.php\/kontakt\/","url":"https:\/\/erfmann.dev\/index.php\/kontakt\/","name":"Kontakt - Calvin Erfmann","isPartOf":{"@id":"https:\/\/erfmann.dev\/#website"},"datePublished":"2025-03-28T19:27:57+00:00","dateModified":"2025-03-28T19:27:57+00:00","breadcrumb":{"@id":"https:\/\/erfmann.dev\/index.php\/kontakt\/#breadcrumb"},"inLanguage":"en-US","potentialAction":[{"@type":"ReadAction","target":["https:\/\/erfmann.dev\/index.php\/kontakt\/"]}]},{"@type":"BreadcrumbList","@id":"https:\/\/erfmann.dev\/index.php\/kontakt\/#breadcrumb","itemListElement":[{"@type":"ListItem","position":1,"name":"Home","item":"https:\/\/erfmann.dev\/"},{"@type":"ListItem","position":2,"name":"Kontakt"}]},{"@type":"WebSite","@id":"https:\/\/erfmann.dev\/#website","url":"https:\/\/erfmann.dev\/","name":"Calvin Erfmann","description":"Software made in Haltern am See","potentialAction":[{"@type":"SearchAction","target":{"@type":"EntryPoint","urlTemplate":"https:\/\/erfmann.dev\/?s={search_term_string}"},"query-input":{"@type":"PropertyValueSpecification","valueRequired":true,"valueName":"search_term_string"}}],"inLanguage":"en-US"}]}},"_links":{"self":[{"href":"https:\/\/erfmann.dev\/index.php\/wp-json\/wp\/v2\/pages\/86","targetHints":{"allow":["GET"]}}],"collection":[{"href":"https:\/\/erfmann.dev\/index.php\/wp-json\/wp\/v2\/pages"}],"about":[{"href":"https:\/\/erfmann.dev\/index.php\/wp-json\/wp\/v2\/types\/page"}],"author":[{"embeddable":true,"href":"https:\/\/erfmann.dev\/index.php\/wp-json\/wp\/v2\/users\/1"}],"replies":[{"embeddable":true,"href":"https:\/\/erfmann.dev\/index.php\/wp-json\/wp\/v2\/comments?post=86"}],"version-history":[{"count":1,"href":"https:\/\/erfmann.dev\/index.php\/wp-json\/wp\/v2\/pages\/86\/revisions"}],"predecessor-version":[{"id":88,"href":"https:\/\/erfmann.dev\/index.php\/wp-json\/wp\/v2\/pages\/86\/revisions\/88"}],"wp:attachment":[{"href":"https:\/\/erfmann.dev\/index.php\/wp-json\/wp\/v2\/media?parent=86"}],"curies":[{"name":"wp","href":"https:\/\/api.w.org\/{rel}","templated":true}]}}